{"id":956,"date":"2023-10-16T15:51:22","date_gmt":"2023-10-16T13:51:22","guid":{"rendered":"https:\/\/forbrands.eu\/?post_type=product&#038;p=956"},"modified":"2023-10-19T13:07:11","modified_gmt":"2023-10-19T11:07:11","slug":"merketingove-sluzby","status":"publish","type":"product","link":"https:\/\/forbrands.eu\/en\/product\/merketingove-sluzby\/","title":{"rendered":"Reklamn\u00e9 a marketingov\u00e9 slu\u017eby"},"content":{"rendered":"","protected":false},"excerpt":{"rendered":"","protected":false},"featured_media":1001,"comment_status":"closed","ping_status":"closed","template":"","meta":[],"product_cat":[58],"product_tag":[],"class_list":{"0":"post-956","1":"product","2":"type-product","3":"status-publish","4":"has-post-thumbnail","6":"product_cat-forbrands","8":"first","9":"instock","10":"sale","11":"virtual","12":"purchasable","13":"product-type-simple"},"yoast_head":"<!-- This site is optimized with the Yoast SEO plugin v21.7 - https:\/\/yoast.com\/wordpress\/plugins\/seo\/ -->\n<title>Reklamn\u00e9 a marketingov\u00e9 slu\u017eby - ForBrands<\/title>\n<meta name=\"robots\" content=\"index, follow, max-snippet:-1, max-image-preview:large, max-video-preview:-1\" \/>\n<link rel=\"canonical\" href=\"https:\/\/forbrands.eu\/en\/product\/merketingove-sluzby\/\" \/>\n<meta property=\"og:locale\" content=\"en_GB\" \/>\n<meta property=\"og:type\" content=\"article\" \/>\n<meta property=\"og:title\" content=\"Reklamn\u00e9 a marketingov\u00e9 slu\u017eby - ForBrands\" \/>\n<meta property=\"og:url\" content=\"https:\/\/forbrands.eu\/en\/product\/merketingove-sluzby\/\" \/>\n<meta property=\"og:site_name\" content=\"ForBrands\" \/>\n<meta property=\"article:modified_time\" content=\"2023-10-19T11:07:11+00:00\" \/>\n<meta property=\"og:image\" content=\"https:\/\/forbrands.eu\/wp-content\/uploads\/2023\/10\/web_cennik_obrazok.jpg\" \/>\n\t<meta property=\"og:image:width\" content=\"1000\" \/>\n\t<meta property=\"og:image:height\" content=\"685\" \/>\n\t<meta property=\"og:image:type\" content=\"image\/jpeg\" \/>\n<meta name=\"twitter:card\" content=\"summary_large_image\" \/>\n<script type=\"application\/ld+json\" class=\"yoast-schema-graph\">{\"@context\":\"https:\/\/schema.org\",\"@graph\":[{\"@type\":\"WebPage\",\"@id\":\"https:\/\/forbrands.eu\/product\/merketingove-sluzby\/\",\"url\":\"https:\/\/forbrands.eu\/product\/merketingove-sluzby\/\",\"name\":\"Reklamn\u00e9 a marketingov\u00e9 slu\u017eby - ForBrands\",\"isPartOf\":{\"@id\":\"https:\/\/forbrands.eu\/#website\"},\"datePublished\":\"2023-10-16T13:51:22+00:00\",\"dateModified\":\"2023-10-19T11:07:11+00:00\",\"breadcrumb\":{\"@id\":\"https:\/\/forbrands.eu\/product\/merketingove-sluzby\/#breadcrumb\"},\"inLanguage\":\"en-GB\",\"potentialAction\":[{\"@type\":\"ReadAction\",\"target\":[\"https:\/\/forbrands.eu\/product\/merketingove-sluzby\/\"]}]},{\"@type\":\"BreadcrumbList\",\"@id\":\"https:\/\/forbrands.eu\/product\/merketingove-sluzby\/#breadcrumb\",\"itemListElement\":[{\"@type\":\"ListItem\",\"position\":1,\"name\":\"Domovsk\u00e1 str\u00e1nka\",\"item\":\"https:\/\/forbrands.eu\/\"},{\"@type\":\"ListItem\",\"position\":2,\"name\":\"Shop\",\"item\":\"https:\/\/forbrands.eu\/shop\/\"},{\"@type\":\"ListItem\",\"position\":3,\"name\":\"Reklamn\u00e9 a marketingov\u00e9 slu\u017eby\"}]},{\"@type\":\"WebSite\",\"@id\":\"https:\/\/forbrands.eu\/#website\",\"url\":\"https:\/\/forbrands.eu\/\",\"name\":\"ForBrands\",\"description\":\"Pre V\u00e1s, Va\u0161\u00edm sp\u00f4sobom\",\"publisher\":{\"@id\":\"https:\/\/forbrands.eu\/#organization\"},\"potentialAction\":[{\"@type\":\"SearchAction\",\"target\":{\"@type\":\"EntryPoint\",\"urlTemplate\":\"https:\/\/forbrands.eu\/?s={search_term_string}\"},\"query-input\":\"required name=search_term_string\"}],\"inLanguage\":\"en-GB\"},{\"@type\":\"Organization\",\"@id\":\"https:\/\/forbrands.eu\/#organization\",\"name\":\"ForBrands\",\"url\":\"https:\/\/forbrands.eu\/\",\"logo\":{\"@type\":\"ImageObject\",\"inLanguage\":\"en-GB\",\"@id\":\"https:\/\/forbrands.eu\/#\/schema\/logo\/image\/\",\"url\":\"https:\/\/forbrands.eu\/wp-content\/uploads\/2023\/03\/logo_transparent_black-copy.png\",\"contentUrl\":\"https:\/\/forbrands.eu\/wp-content\/uploads\/2023\/03\/logo_transparent_black-copy.png\",\"width\":770,\"height\":262,\"caption\":\"ForBrands\"},\"image\":{\"@id\":\"https:\/\/forbrands.eu\/#\/schema\/logo\/image\/\"},\"sameAs\":[\"https:\/\/www.instagram.com\/forbrands.co\/\"]}]}<\/script>\n<!-- \/ Yoast SEO plugin. -->","yoast_head_json":{"title":"Reklamn\u00e9 a marketingov\u00e9 slu\u017eby - ForBrands","robots":{"index":"index","follow":"follow","max-snippet":"max-snippet:-1","max-image-preview":"max-image-preview:large","max-video-preview":"max-video-preview:-1"},"canonical":"https:\/\/forbrands.eu\/en\/product\/merketingove-sluzby\/","og_locale":"en_GB","og_type":"article","og_title":"Reklamn\u00e9 a marketingov\u00e9 slu\u017eby - ForBrands","og_url":"https:\/\/forbrands.eu\/en\/product\/merketingove-sluzby\/","og_site_name":"ForBrands","article_modified_time":"2023-10-19T11:07:11+00:00","og_image":[{"width":1000,"height":685,"url":"https:\/\/forbrands.eu\/wp-content\/uploads\/2023\/10\/web_cennik_obrazok.jpg","type":"image\/jpeg"}],"twitter_card":"summary_large_image","schema":{"@context":"https:\/\/schema.org","@graph":[{"@type":"WebPage","@id":"https:\/\/forbrands.eu\/product\/merketingove-sluzby\/","url":"https:\/\/forbrands.eu\/product\/merketingove-sluzby\/","name":"Reklamn\u00e9 a marketingov\u00e9 slu\u017eby - ForBrands","isPartOf":{"@id":"https:\/\/forbrands.eu\/#website"},"datePublished":"2023-10-16T13:51:22+00:00","dateModified":"2023-10-19T11:07:11+00:00","breadcrumb":{"@id":"https:\/\/forbrands.eu\/product\/merketingove-sluzby\/#breadcrumb"},"inLanguage":"en-GB","potentialAction":[{"@type":"ReadAction","target":["https:\/\/forbrands.eu\/product\/merketingove-sluzby\/"]}]},{"@type":"BreadcrumbList","@id":"https:\/\/forbrands.eu\/product\/merketingove-sluzby\/#breadcrumb","itemListElement":[{"@type":"ListItem","position":1,"name":"Domovsk\u00e1 str\u00e1nka","item":"https:\/\/forbrands.eu\/"},{"@type":"ListItem","position":2,"name":"Shop","item":"https:\/\/forbrands.eu\/shop\/"},{"@type":"ListItem","position":3,"name":"Reklamn\u00e9 a marketingov\u00e9 slu\u017eby"}]},{"@type":"WebSite","@id":"https:\/\/forbrands.eu\/#website","url":"https:\/\/forbrands.eu\/","name":"ForBrands","description":"Pre V\u00e1s, Va\u0161\u00edm sp\u00f4sobom","publisher":{"@id":"https:\/\/forbrands.eu\/#organization"},"potentialAction":[{"@type":"SearchAction","target":{"@type":"EntryPoint","urlTemplate":"https:\/\/forbrands.eu\/?s={search_term_string}"},"query-input":"required name=search_term_string"}],"inLanguage":"en-GB"},{"@type":"Organization","@id":"https:\/\/forbrands.eu\/#organization","name":"ForBrands","url":"https:\/\/forbrands.eu\/","logo":{"@type":"ImageObject","inLanguage":"en-GB","@id":"https:\/\/forbrands.eu\/#\/schema\/logo\/image\/","url":"https:\/\/forbrands.eu\/wp-content\/uploads\/2023\/03\/logo_transparent_black-copy.png","contentUrl":"https:\/\/forbrands.eu\/wp-content\/uploads\/2023\/03\/logo_transparent_black-copy.png","width":770,"height":262,"caption":"ForBrands"},"image":{"@id":"https:\/\/forbrands.eu\/#\/schema\/logo\/image\/"},"sameAs":["https:\/\/www.instagram.com\/forbrands.co\/"]}]}},"_links":{"self":[{"href":"https:\/\/forbrands.eu\/en\/wp-json\/wp\/v2\/product\/956","targetHints":{"allow":["GET"]}}],"collection":[{"href":"https:\/\/forbrands.eu\/en\/wp-json\/wp\/v2\/product"}],"about":[{"href":"https:\/\/forbrands.eu\/en\/wp-json\/wp\/v2\/types\/product"}],"replies":[{"embeddable":true,"href":"https:\/\/forbrands.eu\/en\/wp-json\/wp\/v2\/comments?post=956"}],"wp:featuredmedia":[{"embeddable":true,"href":"https:\/\/forbrands.eu\/en\/wp-json\/wp\/v2\/media\/1001"}],"wp:attachment":[{"href":"https:\/\/forbrands.eu\/en\/wp-json\/wp\/v2\/media?parent=956"}],"wp:term":[{"taxonomy":"product_cat","embeddable":true,"href":"https:\/\/forbrands.eu\/en\/wp-json\/wp\/v2\/product_cat?post=956"},{"taxonomy":"product_tag","embeddable":true,"href":"https:\/\/forbrands.eu\/en\/wp-json\/wp\/v2\/product_tag?post=956"}],"curies":[{"name":"wp","href":"https:\/\/api.w.org\/{rel}","templated":true}]}}