{"id":741,"date":"2020-01-24T22:55:27","date_gmt":"2020-01-24T21:55:27","guid":{"rendered":"https:\/\/demo.shadow-themes.com\/wp\/ashade\/?page_id=157"},"modified":"2023-09-26T14:33:35","modified_gmt":"2023-09-26T12:33:35","slug":"nase-prace","status":"publish","type":"page","link":"https:\/\/forbrands.eu\/en\/nase-prace\/","title":{"rendered":"Our work"},"content":{"rendered":"","protected":false},"excerpt":{"rendered":"","protected":false},"author":1,"featured_media":0,"parent":0,"menu_order":0,"comment_status":"closed","ping_status":"closed","template":"page-albums.php","meta":{"footnotes":""},"class_list":["post-741","page","type-page","status-publish","hentry"],"yoast_head":"<!-- This site is optimized with the Yoast SEO plugin v21.7 - https:\/\/yoast.com\/wordpress\/plugins\/seo\/ -->\n<title>Na\u0161e pr\u00e1ce - ForBrands<\/title>\n<meta name=\"robots\" content=\"index, follow, max-snippet:-1, max-image-preview:large, max-video-preview:-1\" \/>\n<link rel=\"canonical\" href=\"https:\/\/forbrands.eu\/en\/nase-prace\/\" \/>\n<meta property=\"og:locale\" content=\"en_GB\" \/>\n<meta property=\"og:type\" content=\"article\" \/>\n<meta property=\"og:title\" content=\"Na\u0161e pr\u00e1ce - ForBrands\" \/>\n<meta property=\"og:url\" content=\"https:\/\/forbrands.eu\/en\/nase-prace\/\" \/>\n<meta property=\"og:site_name\" content=\"ForBrands\" \/>\n<meta property=\"article:modified_time\" content=\"2023-09-26T12:33:35+00:00\" \/>\n<meta name=\"twitter:card\" content=\"summary_large_image\" \/>\n<script type=\"application\/ld+json\" class=\"yoast-schema-graph\">{\"@context\":\"https:\/\/schema.org\",\"@graph\":[{\"@type\":\"WebPage\",\"@id\":\"https:\/\/forbrands.eu\/nase-prace\/\",\"url\":\"https:\/\/forbrands.eu\/nase-prace\/\",\"name\":\"Na\u0161e pr\u00e1ce - ForBrands\",\"isPartOf\":{\"@id\":\"https:\/\/forbrands.eu\/#website\"},\"datePublished\":\"2020-01-24T21:55:27+00:00\",\"dateModified\":\"2023-09-26T12:33:35+00:00\",\"breadcrumb\":{\"@id\":\"https:\/\/forbrands.eu\/nase-prace\/#breadcrumb\"},\"inLanguage\":\"en-GB\",\"potentialAction\":[{\"@type\":\"ReadAction\",\"target\":[\"https:\/\/forbrands.eu\/nase-prace\/\"]}]},{\"@type\":\"BreadcrumbList\",\"@id\":\"https:\/\/forbrands.eu\/nase-prace\/#breadcrumb\",\"itemListElement\":[{\"@type\":\"ListItem\",\"position\":1,\"name\":\"Domovsk\u00e1 str\u00e1nka\",\"item\":\"https:\/\/forbrands.eu\/\"},{\"@type\":\"ListItem\",\"position\":2,\"name\":\"Na\u0161e pr\u00e1ce\"}]},{\"@type\":\"WebSite\",\"@id\":\"https:\/\/forbrands.eu\/#website\",\"url\":\"https:\/\/forbrands.eu\/\",\"name\":\"ForBrands\",\"description\":\"Pre V\u00e1s, Va\u0161\u00edm sp\u00f4sobom\",\"publisher\":{\"@id\":\"https:\/\/forbrands.eu\/#organization\"},\"potentialAction\":[{\"@type\":\"SearchAction\",\"target\":{\"@type\":\"EntryPoint\",\"urlTemplate\":\"https:\/\/forbrands.eu\/?s={search_term_string}\"},\"query-input\":\"required name=search_term_string\"}],\"inLanguage\":\"en-GB\"},{\"@type\":\"Organization\",\"@id\":\"https:\/\/forbrands.eu\/#organization\",\"name\":\"ForBrands\",\"url\":\"https:\/\/forbrands.eu\/\",\"logo\":{\"@type\":\"ImageObject\",\"inLanguage\":\"en-GB\",\"@id\":\"https:\/\/forbrands.eu\/#\/schema\/logo\/image\/\",\"url\":\"https:\/\/forbrands.eu\/wp-content\/uploads\/2023\/03\/logo_transparent_black-copy.png\",\"contentUrl\":\"https:\/\/forbrands.eu\/wp-content\/uploads\/2023\/03\/logo_transparent_black-copy.png\",\"width\":770,\"height\":262,\"caption\":\"ForBrands\"},\"image\":{\"@id\":\"https:\/\/forbrands.eu\/#\/schema\/logo\/image\/\"},\"sameAs\":[\"https:\/\/www.instagram.com\/forbrands.co\/\"]}]}<\/script>\n<!-- \/ Yoast SEO plugin. -->","yoast_head_json":{"title":"Na\u0161e pr\u00e1ce - ForBrands","robots":{"index":"index","follow":"follow","max-snippet":"max-snippet:-1","max-image-preview":"max-image-preview:large","max-video-preview":"max-video-preview:-1"},"canonical":"https:\/\/forbrands.eu\/en\/nase-prace\/","og_locale":"en_GB","og_type":"article","og_title":"Na\u0161e pr\u00e1ce - ForBrands","og_url":"https:\/\/forbrands.eu\/en\/nase-prace\/","og_site_name":"ForBrands","article_modified_time":"2023-09-26T12:33:35+00:00","twitter_card":"summary_large_image","schema":{"@context":"https:\/\/schema.org","@graph":[{"@type":"WebPage","@id":"https:\/\/forbrands.eu\/nase-prace\/","url":"https:\/\/forbrands.eu\/nase-prace\/","name":"Na\u0161e pr\u00e1ce - ForBrands","isPartOf":{"@id":"https:\/\/forbrands.eu\/#website"},"datePublished":"2020-01-24T21:55:27+00:00","dateModified":"2023-09-26T12:33:35+00:00","breadcrumb":{"@id":"https:\/\/forbrands.eu\/nase-prace\/#breadcrumb"},"inLanguage":"en-GB","potentialAction":[{"@type":"ReadAction","target":["https:\/\/forbrands.eu\/nase-prace\/"]}]},{"@type":"BreadcrumbList","@id":"https:\/\/forbrands.eu\/nase-prace\/#breadcrumb","itemListElement":[{"@type":"ListItem","position":1,"name":"Domovsk\u00e1 str\u00e1nka","item":"https:\/\/forbrands.eu\/"},{"@type":"ListItem","position":2,"name":"Na\u0161e pr\u00e1ce"}]},{"@type":"WebSite","@id":"https:\/\/forbrands.eu\/#website","url":"https:\/\/forbrands.eu\/","name":"ForBrands","description":"Pre V\u00e1s, Va\u0161\u00edm sp\u00f4sobom","publisher":{"@id":"https:\/\/forbrands.eu\/#organization"},"potentialAction":[{"@type":"SearchAction","target":{"@type":"EntryPoint","urlTemplate":"https:\/\/forbrands.eu\/?s={search_term_string}"},"query-input":"required name=search_term_string"}],"inLanguage":"en-GB"},{"@type":"Organization","@id":"https:\/\/forbrands.eu\/#organization","name":"ForBrands","url":"https:\/\/forbrands.eu\/","logo":{"@type":"ImageObject","inLanguage":"en-GB","@id":"https:\/\/forbrands.eu\/#\/schema\/logo\/image\/","url":"https:\/\/forbrands.eu\/wp-content\/uploads\/2023\/03\/logo_transparent_black-copy.png","contentUrl":"https:\/\/forbrands.eu\/wp-content\/uploads\/2023\/03\/logo_transparent_black-copy.png","width":770,"height":262,"caption":"ForBrands"},"image":{"@id":"https:\/\/forbrands.eu\/#\/schema\/logo\/image\/"},"sameAs":["https:\/\/www.instagram.com\/forbrands.co\/"]}]}},"_links":{"self":[{"href":"https:\/\/forbrands.eu\/en\/wp-json\/wp\/v2\/pages\/741","targetHints":{"allow":["GET"]}}],"collection":[{"href":"https:\/\/forbrands.eu\/en\/wp-json\/wp\/v2\/pages"}],"about":[{"href":"https:\/\/forbrands.eu\/en\/wp-json\/wp\/v2\/types\/page"}],"author":[{"embeddable":true,"href":"https:\/\/forbrands.eu\/en\/wp-json\/wp\/v2\/users\/1"}],"replies":[{"embeddable":true,"href":"https:\/\/forbrands.eu\/en\/wp-json\/wp\/v2\/comments?post=741"}],"version-history":[{"count":1,"href":"https:\/\/forbrands.eu\/en\/wp-json\/wp\/v2\/pages\/741\/revisions"}],"predecessor-version":[{"id":831,"href":"https:\/\/forbrands.eu\/en\/wp-json\/wp\/v2\/pages\/741\/revisions\/831"}],"wp:attachment":[{"href":"https:\/\/forbrands.eu\/en\/wp-json\/wp\/v2\/media?parent=741"}],"curies":[{"name":"wp","href":"https:\/\/api.w.org\/{rel}","templated":true}]}}