{"id":62,"date":"2020-01-24T11:34:57","date_gmt":"2020-01-24T11:34:57","guid":{"rendered":"https:\/\/demo.shadow-themes.com\/wp\/ashade\/?page_id=62"},"modified":"2024-11-11T10:30:19","modified_gmt":"2024-11-11T09:30:19","slug":"domov","status":"publish","type":"page","link":"https:\/\/forbrands.eu\/en\/","title":{"rendered":"Domov"},"content":{"rendered":"","protected":false},"excerpt":{"rendered":"","protected":false},"author":1,"featured_media":0,"parent":0,"menu_order":0,"comment_status":"closed","ping_status":"closed","template":"page-home.php","meta":{"footnotes":""},"class_list":["post-62","page","type-page","status-publish","hentry"],"yoast_head":"<!-- This site is optimized with the Yoast SEO plugin v21.7 - https:\/\/yoast.com\/wordpress\/plugins\/seo\/ -->\n<title>Webstr\u00e1nka pre V\u00e1s, Va\u0161\u00edm sp\u00f4sobom - ForBrands<\/title>\n<meta name=\"description\" content=\"Maximalizujte svoj marketingov\u00fd potenci\u00e1l s na\u0161\u00edm t\u00edmom odborn\u00edkov. Spo\u013eahnite sa na n\u00e1s a rozv\u00edjajte svoje podnikanie. Webstr\u00e1nka je z\u00e1klad.\" \/>\n<meta name=\"robots\" content=\"index, follow, max-snippet:-1, max-image-preview:large, max-video-preview:-1\" \/>\n<link rel=\"canonical\" href=\"https:\/\/forbrands.eu\/en\/\" \/>\n<meta property=\"og:locale\" content=\"en_GB\" \/>\n<meta property=\"og:type\" content=\"article\" \/>\n<meta property=\"og:title\" content=\"Webstr\u00e1nka pre V\u00e1s, Va\u0161\u00edm sp\u00f4sobom - ForBrands\" \/>\n<meta property=\"og:description\" content=\"Maximalizujte svoj marketingov\u00fd potenci\u00e1l s na\u0161\u00edm t\u00edmom odborn\u00edkov. Spo\u013eahnite sa na n\u00e1s a rozv\u00edjajte svoje podnikanie. Webstr\u00e1nka je z\u00e1klad.\" \/>\n<meta property=\"og:url\" content=\"https:\/\/forbrands.eu\/en\/\" \/>\n<meta property=\"og:site_name\" content=\"ForBrands\" \/>\n<meta property=\"article:modified_time\" content=\"2024-11-11T09:30:19+00:00\" \/>\n<meta name=\"twitter:card\" content=\"summary_large_image\" \/>\n<script type=\"application\/ld+json\" class=\"yoast-schema-graph\">{\"@context\":\"https:\/\/schema.org\",\"@graph\":[{\"@type\":\"WebPage\",\"@id\":\"https:\/\/forbrands.eu\/\",\"url\":\"https:\/\/forbrands.eu\/\",\"name\":\"Webstr\u00e1nka pre V\u00e1s, Va\u0161\u00edm sp\u00f4sobom - ForBrands\",\"isPartOf\":{\"@id\":\"https:\/\/forbrands.eu\/#website\"},\"datePublished\":\"2020-01-24T11:34:57+00:00\",\"dateModified\":\"2024-11-11T09:30:19+00:00\",\"description\":\"Maximalizujte svoj marketingov\u00fd potenci\u00e1l s na\u0161\u00edm t\u00edmom odborn\u00edkov. Spo\u013eahnite sa na n\u00e1s a rozv\u00edjajte svoje podnikanie. Webstr\u00e1nka je z\u00e1klad.\",\"breadcrumb\":{\"@id\":\"https:\/\/forbrands.eu\/#breadcrumb\"},\"inLanguage\":\"en-GB\",\"potentialAction\":[{\"@type\":\"ReadAction\",\"target\":[\"https:\/\/forbrands.eu\/\"]}]},{\"@type\":\"BreadcrumbList\",\"@id\":\"https:\/\/forbrands.eu\/#breadcrumb\",\"itemListElement\":[{\"@type\":\"ListItem\",\"position\":1,\"name\":\"Domovsk\u00e1 str\u00e1nka\",\"item\":\"https:\/\/forbrands.eu\/\"},{\"@type\":\"ListItem\",\"position\":2,\"name\":\"Domov\"}]},{\"@type\":\"WebSite\",\"@id\":\"https:\/\/forbrands.eu\/#website\",\"url\":\"https:\/\/forbrands.eu\/\",\"name\":\"ForBrands\",\"description\":\"Pre V\u00e1s, Va\u0161\u00edm sp\u00f4sobom\",\"publisher\":{\"@id\":\"https:\/\/forbrands.eu\/#organization\"},\"potentialAction\":[{\"@type\":\"SearchAction\",\"target\":{\"@type\":\"EntryPoint\",\"urlTemplate\":\"https:\/\/forbrands.eu\/?s={search_term_string}\"},\"query-input\":\"required name=search_term_string\"}],\"inLanguage\":\"en-GB\"},{\"@type\":\"Organization\",\"@id\":\"https:\/\/forbrands.eu\/#organization\",\"name\":\"ForBrands\",\"url\":\"https:\/\/forbrands.eu\/\",\"logo\":{\"@type\":\"ImageObject\",\"inLanguage\":\"en-GB\",\"@id\":\"https:\/\/forbrands.eu\/#\/schema\/logo\/image\/\",\"url\":\"https:\/\/forbrands.eu\/wp-content\/uploads\/2023\/03\/logo_transparent_black-copy.png\",\"contentUrl\":\"https:\/\/forbrands.eu\/wp-content\/uploads\/2023\/03\/logo_transparent_black-copy.png\",\"width\":770,\"height\":262,\"caption\":\"ForBrands\"},\"image\":{\"@id\":\"https:\/\/forbrands.eu\/#\/schema\/logo\/image\/\"},\"sameAs\":[\"https:\/\/www.instagram.com\/forbrands.co\/\"]}]}<\/script>\n<!-- \/ Yoast SEO plugin. -->","yoast_head_json":{"title":"Webstr\u00e1nka pre V\u00e1s, Va\u0161\u00edm sp\u00f4sobom - ForBrands","description":"Maximalizujte svoj marketingov\u00fd potenci\u00e1l s na\u0161\u00edm t\u00edmom odborn\u00edkov. Spo\u013eahnite sa na n\u00e1s a rozv\u00edjajte svoje podnikanie. Webstr\u00e1nka je z\u00e1klad.","robots":{"index":"index","follow":"follow","max-snippet":"max-snippet:-1","max-image-preview":"max-image-preview:large","max-video-preview":"max-video-preview:-1"},"canonical":"https:\/\/forbrands.eu\/en\/","og_locale":"en_GB","og_type":"article","og_title":"Webstr\u00e1nka pre V\u00e1s, Va\u0161\u00edm sp\u00f4sobom - ForBrands","og_description":"Maximalizujte svoj marketingov\u00fd potenci\u00e1l s na\u0161\u00edm t\u00edmom odborn\u00edkov. Spo\u013eahnite sa na n\u00e1s a rozv\u00edjajte svoje podnikanie. Webstr\u00e1nka je z\u00e1klad.","og_url":"https:\/\/forbrands.eu\/en\/","og_site_name":"ForBrands","article_modified_time":"2024-11-11T09:30:19+00:00","twitter_card":"summary_large_image","schema":{"@context":"https:\/\/schema.org","@graph":[{"@type":"WebPage","@id":"https:\/\/forbrands.eu\/","url":"https:\/\/forbrands.eu\/","name":"Webstr\u00e1nka pre V\u00e1s, Va\u0161\u00edm sp\u00f4sobom - ForBrands","isPartOf":{"@id":"https:\/\/forbrands.eu\/#website"},"datePublished":"2020-01-24T11:34:57+00:00","dateModified":"2024-11-11T09:30:19+00:00","description":"Maximalizujte svoj marketingov\u00fd potenci\u00e1l s na\u0161\u00edm t\u00edmom odborn\u00edkov. Spo\u013eahnite sa na n\u00e1s a rozv\u00edjajte svoje podnikanie. Webstr\u00e1nka je z\u00e1klad.","breadcrumb":{"@id":"https:\/\/forbrands.eu\/#breadcrumb"},"inLanguage":"en-GB","potentialAction":[{"@type":"ReadAction","target":["https:\/\/forbrands.eu\/"]}]},{"@type":"BreadcrumbList","@id":"https:\/\/forbrands.eu\/#breadcrumb","itemListElement":[{"@type":"ListItem","position":1,"name":"Domovsk\u00e1 str\u00e1nka","item":"https:\/\/forbrands.eu\/"},{"@type":"ListItem","position":2,"name":"Domov"}]},{"@type":"WebSite","@id":"https:\/\/forbrands.eu\/#website","url":"https:\/\/forbrands.eu\/","name":"ForBrands","description":"Pre V\u00e1s, Va\u0161\u00edm sp\u00f4sobom","publisher":{"@id":"https:\/\/forbrands.eu\/#organization"},"potentialAction":[{"@type":"SearchAction","target":{"@type":"EntryPoint","urlTemplate":"https:\/\/forbrands.eu\/?s={search_term_string}"},"query-input":"required name=search_term_string"}],"inLanguage":"en-GB"},{"@type":"Organization","@id":"https:\/\/forbrands.eu\/#organization","name":"ForBrands","url":"https:\/\/forbrands.eu\/","logo":{"@type":"ImageObject","inLanguage":"en-GB","@id":"https:\/\/forbrands.eu\/#\/schema\/logo\/image\/","url":"https:\/\/forbrands.eu\/wp-content\/uploads\/2023\/03\/logo_transparent_black-copy.png","contentUrl":"https:\/\/forbrands.eu\/wp-content\/uploads\/2023\/03\/logo_transparent_black-copy.png","width":770,"height":262,"caption":"ForBrands"},"image":{"@id":"https:\/\/forbrands.eu\/#\/schema\/logo\/image\/"},"sameAs":["https:\/\/www.instagram.com\/forbrands.co\/"]}]}},"_links":{"self":[{"href":"https:\/\/forbrands.eu\/en\/wp-json\/wp\/v2\/pages\/62","targetHints":{"allow":["GET"]}}],"collection":[{"href":"https:\/\/forbrands.eu\/en\/wp-json\/wp\/v2\/pages"}],"about":[{"href":"https:\/\/forbrands.eu\/en\/wp-json\/wp\/v2\/types\/page"}],"author":[{"embeddable":true,"href":"https:\/\/forbrands.eu\/en\/wp-json\/wp\/v2\/users\/1"}],"replies":[{"embeddable":true,"href":"https:\/\/forbrands.eu\/en\/wp-json\/wp\/v2\/comments?post=62"}],"version-history":[{"count":3,"href":"https:\/\/forbrands.eu\/en\/wp-json\/wp\/v2\/pages\/62\/revisions"}],"predecessor-version":[{"id":827,"href":"https:\/\/forbrands.eu\/en\/wp-json\/wp\/v2\/pages\/62\/revisions\/827"}],"wp:attachment":[{"href":"https:\/\/forbrands.eu\/en\/wp-json\/wp\/v2\/media?parent=62"}],"curies":[{"name":"wp","href":"https:\/\/api.w.org\/{rel}","templated":true}]}}